{"id":184,"date":"2021-11-23T14:51:35","date_gmt":"2021-11-23T18:51:35","guid":{"rendered":"https:\/\/chefduclerc.com\/pt\/?page_id=184"},"modified":"2021-11-23T15:26:46","modified_gmt":"2021-11-23T19:26:46","slug":"politica-de-privacidade","status":"publish","type":"page","link":"https:\/\/chefduclerc.com\/pt\/politica-de-privacidade\/","title":{"rendered":"Pol\u00edtica de Privacidade"},"content":{"rendered":"<h1>Pol\u00edtica de Privacidade<\/h1>\n<p>Somos a <strong>DUCLERC Personal Chef and Mixology<\/strong>.<\/p>\n<p>A privacidade de suas informa\u00e7\u00f5es \u00e9 de grande import\u00e2ncia para n\u00f3s e temos como pol\u00edtica respeitar a confidencialidade da informa\u00e7\u00e3o e a privacidade das pessoas. Esta Pol\u00edtica estipula como ocorrem as opera\u00e7\u00f5es de tratamento de dados pessoais atrav\u00e9s do site <a href=\"https:\/\/chefduclerc.com\">https:\/\/chefduclerc.com<\/a> em conformidade com as leis e regulamenta\u00e7\u00f5es vigentes.<\/p>\n<h2>Quais dados s\u00e3o coletados, como s\u00e3o coletados e para qual finalidade?<\/h2>\n<p>Este site coleta e utiliza dados pessoais n\u00e3o sens\u00edveis, com a finalidade de viabilizar a presta\u00e7\u00e3o de servi\u00e7os e aprimorar a experi\u00eancia de uso. O tratamento de dados \u00e9 necess\u00e1rio para:<\/p>\n<ul>\n<li>Cumprir com solicita\u00e7\u00f5es feitas por voc\u00ea, titular de dados<\/li>\n<li>Concretizar a linha de comunica\u00e7\u00e3o entre voc\u00ea, titular, e encarregado<\/li>\n<li>Qualidade do funcionamento do website<\/li>\n<li>Identificar as \u00e1reas de interesse do cliente e poder supri-lo com informa\u00e7\u00f5es de poss\u00edvel interesse<\/li>\n<li>Mapeamento de estat\u00edsticas de usu\u00e1rios para melhor operar o website<\/li>\n<li>Atender as legisla\u00e7\u00f5es e regulamenta\u00e7\u00f5es vigentes e cumprir com obriga\u00e7\u00f5es legais.<\/li>\n<\/ul>\n<p>Todos os dados coletados ou fornecidos diretamente pelo titular dos dados s\u00e3o tratados como confidenciais, sendo utilizados apenas dados pessoais expressamente autorizados pelos usu\u00e1rios.<\/p>\n<h2>Dados pessoais fornecidos pelo titular<\/h2>\n<ul>\n<li><strong>Via formul\u00e1rio de contato:<\/strong> quando voc\u00ea preenche um formul\u00e1rio de contato neste site, s\u00e3o coletadas informa\u00e7\u00f5es como nome, e-mail e telefone. Estas informa\u00e7\u00f5es poder\u00e3o ser usadas para entrar em contato com voc\u00ea e serem esclarecidas todas as informa\u00e7\u00f5es necess\u00e1rias para a presta\u00e7\u00e3o dos servi\u00e7os. A base legal para o processamento dessas informa\u00e7\u00f5es \u00e9 o seu consentimento ou o leg\u00edtimo interesse. Ao preencher estes formul\u00e1rios, voc\u00ea declara estar ciente e de acordo com o exposto nesta Pol\u00edtica de Privacidade.<\/li>\n<li><strong>Via e-mail, telefone ou WhatsApp:<\/strong> Ao entrar em contato atrav\u00e9s de e-mail, telefone ou mensagem via WhatsApp, poder\u00e3o ser coletadas informa\u00e7\u00f5es como nome, telefone, e-mail, entre outras necess\u00e1rias para a manuten\u00e7\u00e3o do cadastro e fornecimento dos servi\u00e7os. O embasamento legal para este tratamento \u00e9 o seu consentimento ou o leg\u00edtimo interesse.<\/li>\n<\/ul>\n<h2>Dados de acesso coletados<\/h2>\n<p>Informa\u00e7\u00f5es coletadas de usu\u00e1rios ao utilizarem o site incluem, entre outras, o navegador de acesso do usu\u00e1rio, endere\u00e7o do protocolo de Internet (IP), data e hora do acesso, as a\u00e7\u00f5es do usu\u00e1rio no site, o modelo do dispositivo m\u00f3vel e o sistema operacional utilizado para o acesso. O embasamento legal para o tratamento \u00e9 o leg\u00edtimo interesse para monitorar e melhorar a seguran\u00e7a e performance do site e servi\u00e7os.<\/p>\n<h2>Por quanto tempo seus dados ser\u00e3o armazenados?<\/h2>\n<p>Seus dados ser\u00e3o armazenados durante o tempo necess\u00e1rio para cumprir com os fins para os quais as informa\u00e7\u00f5es s\u00e3o tratadas ou por outros motivos v\u00e1lidos para reter suas informa\u00e7\u00f5es pessoais, como por exemplo o cumprimento de obriga\u00e7\u00f5es legais.<\/p>\n<h2>O que \u00e9 feito para manter seus dados seguros?<\/h2>\n<p>Para que suas informa\u00e7\u00f5es pessoais sejam armazenadas com seguran\u00e7a, s\u00e3o utilizadas ferramentas f\u00edsicas, eletr\u00f4nicas e gerenciais orientadas para a prote\u00e7\u00e3o da sua privacidade. Essas ferramentas s\u00e3o aplicadas levando em considera\u00e7\u00e3o a natureza dos dados pessoais coletados, o contexto e a finalidade do tratamento e os riscos que eventuais viola\u00e7\u00f5es gerariam para os direitos e liberdades do titular dos dados coletados e tratados. Medidas adotadas:<\/p>\n<ul>\n<li>Criptografia Secure Sockets Layer (SSL) para realizar a transfer\u00eancia de informa\u00e7\u00f5es<\/li>\n<li>Apenas pessoas autorizadas t\u00eam acesso a seus dados pessoais<\/li>\n<li>Seus dados pessoais s\u00e3o armazenados em ambiente seguro e id\u00f4neo.<\/li>\n<\/ul>\n<p>Para evitar incidentes de seguran\u00e7a, sempre ser\u00e3o adotadas as melhores posturas. Contudo, \u00e9 necess\u00e1rio destacar que nenhuma p\u00e1gina virtual \u00e9 inteiramente segura e livre de riscos. \u00c9 poss\u00edvel que, apesar de todos os protocolos de seguran\u00e7a, problemas de culpa exclusivamente de terceiros ocorram, como ataques cibern\u00e9ticos de hackers, ou tamb\u00e9m em decorr\u00eancia da neglig\u00eancia ou imprud\u00eancia do pr\u00f3prio usu\u00e1rio\/cliente.<\/p>\n<p>Em caso de incidentes de seguran\u00e7a que possam gerar risco ou dano relevante para voc\u00ea ou qualquer um dos usu\u00e1rios\/clientes, ser\u00e1 emitida uma notifica\u00e7\u00e3o sobre tal fato.<\/p>\n<h2>Com quem seus dados podem ser compartilhados?<\/h2>\n<p>Observados os crit\u00e9rios definidos nesta Pol\u00edtica, seus dados pessoais n\u00e3o ser\u00e3o divulgados a uma terceira parte, exceto:<\/p>\n<ul>\n<li>(i) Para atendimento \u00e0 medida necess\u00e1ria dentro dos termos das leis, regras ou regula\u00e7\u00f5es aplic\u00e1veis<\/li>\n<li>(ii) Perante a exist\u00eancia de obriga\u00e7\u00e3o de divulga\u00e7\u00e3o ou<\/li>\n<li>(iii) A pedido do cliente, mediante o seu consentimento.<\/li>\n<\/ul>\n<h2>Transfer\u00eancia internacional de dados<\/h2>\n<p>Suas informa\u00e7\u00f5es pessoais s\u00e3o tratadas em territ\u00f3rio nacional e em pa\u00edses que possuem legisla\u00e7\u00f5es semelhantes e equivalentes. Independentemente das leis em vigor nesses pa\u00edses, a privacidade de suas informa\u00e7\u00f5es ser\u00e3o tratadas de acordo com esta Pol\u00edtica de Privacidade. Ao fornecer suas Informa\u00e7\u00f5es pessoais, voc\u00ea consente com a transmiss\u00e3o e processamento de suas informa\u00e7\u00f5es em qualquer jurisdi\u00e7\u00e3o, de acordo com esta Pol\u00edtica de Privacidade.<\/p>\n<h2>Cookies ou dados de navega\u00e7\u00e3o<\/h2>\n<script\n\t\ttype=\"text\/javascript\"\n\t\tid=\"CookieDeclaration\"\n\t\tsrc=\"https:\/\/consent.cookiebot.com\/5aa9afc7-f898-442c-9639-e48b1312b283\/cd.js\"\n\t\t\tdata-culture=\"EN\"\n\t\tasync><\/script>\n\n<p>&nbsp;<\/p>\n<h2>M\u00eddia incorporada de outros sites<\/h2>\n<p>As informa\u00e7\u00f5es deste site podem incluir conte\u00fado e funcionalidades incorporadas de terceiros como, por exemplo, v\u00eddeos, imagens, artigos, recursos para compartilhamento de conte\u00fado em redes sociais, etc. Conte\u00fados e funcionalidades incorporadas de outros sites se comportam exatamente da mesma forma como se o visitante estivesse visitando o outro site.<\/p>\n<p>Estes sites e funcionalidades podem coletar dados sobre voc\u00ea, usar cookies, incorporar rastreamento adicional de terceiros e monitorar sua intera\u00e7\u00e3o com este conte\u00fado incorporado, incluindo sua intera\u00e7\u00e3o com o conte\u00fado incorporado se voc\u00ea tem uma conta e est\u00e1 conectado com o site. Ao navegar e utilizar essas ferramentas, voc\u00ea consente com o exposto nesta Pol\u00edtica de Privacidade.<\/p>\n<h2>Gerenciamento de Cookies<\/h2>\n<p>Voc\u00ea pode, a qualquer tempo e sem nenhum custo, alterar as permiss\u00f5es, bloquear ou recusar os Cookies. Contudo, a revoga\u00e7\u00e3o do consentimento de determinados Cookies pode inviabilizar o funcionamento correto de alguns recursos da plataforma.<\/p>\n<p>Para gerenciar os cookies, basta faz\u00ea-lo clicando no link indicado acima da tabela de Cookies, ou diretamente nas configura\u00e7\u00f5es do navegador, na \u00e1rea de gest\u00e3o de Cookies. Voc\u00ea pode acessar tutoriais sobre o tema diretamente nos links abaixo:<\/p>\n<p>Se voc\u00ea usa o <a href=\"https:\/\/support.microsoft.com\/pt-br\/help\/17442\/windows-internet-explorer-delete-manage-cookies\" target=\"_blank\" rel=\"noopener\">Internet Explorer<\/a>.<\/p>\n<p>Se voc\u00ea usa o <a href=\"https:\/\/support.mozilla.org\/pt-BR\/kb\/gerencie-configuracoes-de-armazenamento-local-de-s\" target=\"_blank\" rel=\"noopener\">Firefox<\/a>.<\/p>\n<p>Se voc\u00ea usa o <a href=\"https:\/\/support.apple.com\/pt-br\/guide\/safari\/sfri11471\/mac\" target=\"_blank\" rel=\"noopener\">Safari<\/a>.<\/p>\n<p>Se voc\u00ea usa o <a href=\"https:\/\/support.google.com\/chrome\/answer\/95647?co=GENIE.Platform%3DDesktop&amp;oco=1&amp;hl=pt-BR\" target=\"_blank\" rel=\"noopener\">Google Chrome<\/a>.<\/p>\n<p>Se voc\u00ea usa o <a href=\"https:\/\/support.microsoft.com\/pt-br\/help\/4027947\/microsoft-edge-delete-cookies\" target=\"_blank\" rel=\"noopener\">Microsoft Edge<\/a>.<\/p>\n<p>Se voc\u00ea usa o <a href=\"https:\/\/help.opera.com\/en\/latest\/web-preferences\/#cookies\" target=\"_blank\" rel=\"noopener\">Opera<\/a>.<\/p>\n<h2>Altera\u00e7\u00e3o desta Pol\u00edtica de Privacidade<\/h2>\n<p>Esta Pol\u00edtica de Privacidade pode ser modificada a qualquer tempo, principalmente em fun\u00e7\u00e3o da adequa\u00e7\u00e3o a eventuais altera\u00e7\u00f5es feitas no site ou em \u00e2mbito legislativo. \u00c9 recomendado que voc\u00ea a revise com frequ\u00eancia.<\/p>\n<p>Para maior comodidade, a data da \u00faltima atualiza\u00e7\u00e3o ser\u00e1 apresentada no final do documento. Se forem feitas altera\u00e7\u00f5es relevantes que requeiram nova autoriza\u00e7\u00e3o do usu\u00e1rio, elas ser\u00e3o publicadas e um novo consentimento ser\u00e1 solicitado.<\/p>\n<p>Ao utilizar o site e fornecer seus dados pessoais ap\u00f3s tais modifica\u00e7\u00f5es, voc\u00ea as consente.<\/p>\n<h2>Responsabilidade<\/h2>\n<p><strong>DUCLERC Personal Chef and Mixology<\/strong> \u00e9 a controladora de seus dados pessoais. Para fins da legisla\u00e7\u00e3o aplic\u00e1vel, controlador \u00e9 a quem compete as decis\u00f5es referentes ao tratamento de dados pessoais.<\/p>\n<p>Esta Pol\u00edtica de Privacidade estar\u00e1 sempre atualizada, observando suas disposi\u00e7\u00f5es e zelando por seu cumprimento.<\/p>\n<p>Al\u00e9m disso, sempre ser\u00e3o implementadas condi\u00e7\u00f5es t\u00e9cnicas e organizativas seguramente aptas a proteger todo o processo de tratamento de dados.<\/p>\n<h2>Isen\u00e7\u00e3o de responsabilidade<\/h2>\n<p>Embora sejam adotados elevados padr\u00f5es de seguran\u00e7a a fim de evitar incidentes, n\u00e3o h\u00e1 nenhuma p\u00e1gina virtual inteiramente livre de riscos. Nesse sentido, o site n\u00e3o se responsabiliza por:<\/p>\n<ul>\n<li>I \u2013 Quaisquer consequ\u00eancias decorrentes da neglig\u00eancia, imprud\u00eancia ou imper\u00edcia dos usu\u00e1rios em rela\u00e7\u00e3o a seus dados individuais. O site garante e se responsabiliza apenas pela seguran\u00e7a dos processos de tratamento de dados e do cumprimento das finalidades descritas no presente instrumento. Destaca-se que a responsabilidade em rela\u00e7\u00e3o \u00e0 confidencialidade dos dados de acesso \u00e9 do usu\u00e1rio.<\/li>\n<li>II \u2013 A\u00e7\u00f5es maliciosas de terceiros, como ataques de hackers<\/li>\n<li>III \u2013 Inveracidade das informa\u00e7\u00f5es inseridas pelo usu\u00e1rio\/cliente nos registros necess\u00e1rios para a utiliza\u00e7\u00e3o dos servi\u00e7os apresentados no site; quaisquer consequ\u00eancias decorrentes de informa\u00e7\u00f5es falsas ou inseridas de m\u00e1-f\u00e9 s\u00e3o de inteiramente responsabilidade do usu\u00e1rio\/cliente.<\/li>\n<\/ul>\n<h2>Consultar, alterar ou solicitar cancelamento do tratamento de seus dados pessoais<\/h2>\n<p>Se desejar realizar a consulta, altera\u00e7\u00e3o ou solicitar o cancelamento dos seus dados pessoais que s\u00e3o tratados no site, encaminhe um e-mail para <a href=\"mailto:info@chefduclerc.com\">info@chefduclerc.com<\/a>.<br \/>\nDe forma a garantir a sua correta identifica\u00e7\u00e3o como titular dos dados pessoais objeto da solicita\u00e7\u00e3o, \u00e9 poss\u00edvel que sejam solicitados documentos ou demais comprova\u00e7\u00f5es que possam provar sua identidade. Nessa hip\u00f3tese, voc\u00ea ser\u00e1 informado previamente.<\/p>\n<p>Data da \u00faltima atualiza\u00e7\u00e3o: 23\/11\/2021<\/p>\n","protected":false},"excerpt":{"rendered":"<p>Pol\u00edtica de Privacidade Somos a DUCLERC Personal Chef and Mixology. A privacidade de suas informa\u00e7\u00f5es \u00e9 de grande import\u00e2ncia para n\u00f3s e temos como pol\u00edtica respeitar a confidencialidade da informa\u00e7\u00e3o e a privacidade das pessoas. Esta Pol\u00edtica estipula como ocorrem as opera\u00e7\u00f5es de tratamento de dados pessoais atrav\u00e9s do site https:\/\/chefduclerc.com em conformidade com as &hellip; <a href=\"https:\/\/chefduclerc.com\/pt\/politica-de-privacidade\/\" class=\"more-link\">Continue reading <span class=\"screen-reader-text\">Pol\u00edtica de Privacidade<\/span> <span class=\"meta-nav\">&rarr;<\/span><\/a><\/p>\n","protected":false},"author":2,"featured_media":0,"parent":0,"menu_order":100,"comment_status":"closed","ping_status":"closed","template":"page_default.php","meta":{"_acf_changed":false,"footnotes":""},"class_list":["post-184","page","type-page","status-publish","hentry"],"acf":[],"yoast_head":"<!-- This site is optimized with the Yoast SEO plugin v27.4 - https:\/\/yoast.com\/product\/yoast-seo-wordpress\/ -->\n<title>Pol\u00edtica de Privacidade - DUCLERC Personal Chef e Mixologia<\/title>\n<meta name=\"robots\" content=\"index, follow, max-snippet:-1, max-image-preview:large, max-video-preview:-1\" \/>\n<link rel=\"canonical\" href=\"https:\/\/chefduclerc.com\/pt\/politica-de-privacidade\/\" \/>\n<meta property=\"og:locale\" content=\"pt_BR\" \/>\n<meta property=\"og:type\" content=\"article\" \/>\n<meta property=\"og:title\" content=\"Pol\u00edtica de Privacidade - DUCLERC Personal Chef e Mixologia\" \/>\n<meta property=\"og:description\" content=\"Pol\u00edtica de Privacidade Somos a DUCLERC Personal Chef and Mixology. A privacidade de suas informa\u00e7\u00f5es \u00e9 de grande import\u00e2ncia para n\u00f3s e temos como pol\u00edtica respeitar a confidencialidade da informa\u00e7\u00e3o e a privacidade das pessoas. Esta Pol\u00edtica estipula como ocorrem as opera\u00e7\u00f5es de tratamento de dados pessoais atrav\u00e9s do site https:\/\/chefduclerc.com em conformidade com as &hellip; Continue reading Pol\u00edtica de Privacidade &rarr;\" \/>\n<meta property=\"og:url\" content=\"https:\/\/chefduclerc.com\/pt\/politica-de-privacidade\/\" \/>\n<meta property=\"og:site_name\" content=\"DUCLERC Personal Chef e Mixologia\" \/>\n<meta property=\"article:publisher\" content=\"https:\/\/www.facebook.com\/chefduclerc\" \/>\n<meta property=\"article:modified_time\" content=\"2021-11-23T19:26:46+00:00\" \/>\n<meta property=\"og:image\" content=\"https:\/\/chefduclerc.com\/pt\/wp-content\/uploads\/2021\/04\/duclerc_personal-chef_share.jpg\" \/>\n\t<meta property=\"og:image:width\" content=\"1200\" \/>\n\t<meta property=\"og:image:height\" content=\"630\" \/>\n\t<meta property=\"og:image:type\" content=\"image\/jpeg\" \/>\n<meta name=\"twitter:card\" content=\"summary_large_image\" \/>\n<meta name=\"twitter:label1\" content=\"Est. tempo de leitura\" \/>\n\t<meta name=\"twitter:data1\" content=\"8 minutos\" \/>\n<script type=\"application\/ld+json\" class=\"yoast-schema-graph\">{\"@context\":\"https:\\\/\\\/schema.org\",\"@graph\":[{\"@type\":\"WebPage\",\"@id\":\"https:\\\/\\\/chefduclerc.com\\\/pt\\\/politica-de-privacidade\\\/\",\"url\":\"https:\\\/\\\/chefduclerc.com\\\/pt\\\/politica-de-privacidade\\\/\",\"name\":\"Pol\u00edtica de Privacidade - DUCLERC Personal Chef e Mixologia\",\"isPartOf\":{\"@id\":\"https:\\\/\\\/chefduclerc.com\\\/pt\\\/#website\"},\"datePublished\":\"2021-11-23T18:51:35+00:00\",\"dateModified\":\"2021-11-23T19:26:46+00:00\",\"breadcrumb\":{\"@id\":\"https:\\\/\\\/chefduclerc.com\\\/pt\\\/politica-de-privacidade\\\/#breadcrumb\"},\"inLanguage\":\"pt-BR\",\"potentialAction\":[{\"@type\":\"ReadAction\",\"target\":[\"https:\\\/\\\/chefduclerc.com\\\/pt\\\/politica-de-privacidade\\\/\"]}]},{\"@type\":\"BreadcrumbList\",\"@id\":\"https:\\\/\\\/chefduclerc.com\\\/pt\\\/politica-de-privacidade\\\/#breadcrumb\",\"itemListElement\":[{\"@type\":\"ListItem\",\"position\":1,\"name\":\"In\u00edcio\",\"item\":\"https:\\\/\\\/chefduclerc.com\\\/pt\\\/\"},{\"@type\":\"ListItem\",\"position\":2,\"name\":\"Pol\u00edtica de Privacidade\"}]},{\"@type\":\"WebSite\",\"@id\":\"https:\\\/\\\/chefduclerc.com\\\/pt\\\/#website\",\"url\":\"https:\\\/\\\/chefduclerc.com\\\/pt\\\/\",\"name\":\"DUCLERC Personal Chef e Mixologia\",\"description\":\"\",\"publisher\":{\"@id\":\"https:\\\/\\\/chefduclerc.com\\\/pt\\\/#organization\"},\"potentialAction\":[{\"@type\":\"SearchAction\",\"target\":{\"@type\":\"EntryPoint\",\"urlTemplate\":\"https:\\\/\\\/chefduclerc.com\\\/pt\\\/?s={search_term_string}\"},\"query-input\":{\"@type\":\"PropertyValueSpecification\",\"valueRequired\":true,\"valueName\":\"search_term_string\"}}],\"inLanguage\":\"pt-BR\"},{\"@type\":\"Organization\",\"@id\":\"https:\\\/\\\/chefduclerc.com\\\/pt\\\/#organization\",\"name\":\"DUCLERC Personal Chef e Mixologia\",\"url\":\"https:\\\/\\\/chefduclerc.com\\\/pt\\\/\",\"logo\":{\"@type\":\"ImageObject\",\"inLanguage\":\"pt-BR\",\"@id\":\"https:\\\/\\\/chefduclerc.com\\\/pt\\\/#\\\/schema\\\/logo\\\/image\\\/\",\"url\":\"https:\\\/\\\/chefduclerc.com\\\/pt\\\/wp-content\\\/uploads\\\/2021\\\/04\\\/duclerc_personal-chef_share.jpg\",\"contentUrl\":\"https:\\\/\\\/chefduclerc.com\\\/pt\\\/wp-content\\\/uploads\\\/2021\\\/04\\\/duclerc_personal-chef_share.jpg\",\"width\":1200,\"height\":630,\"caption\":\"DUCLERC Personal Chef e Mixologia\"},\"image\":{\"@id\":\"https:\\\/\\\/chefduclerc.com\\\/pt\\\/#\\\/schema\\\/logo\\\/image\\\/\"},\"sameAs\":[\"https:\\\/\\\/www.facebook.com\\\/chefduclerc\",\"https:\\\/\\\/www.instagram.com\\\/chefduclerc\\\/\"]}]}<\/script>\n<!-- \/ Yoast SEO plugin. -->","yoast_head_json":{"title":"Pol\u00edtica de Privacidade - DUCLERC Personal Chef e Mixologia","robots":{"index":"index","follow":"follow","max-snippet":"max-snippet:-1","max-image-preview":"max-image-preview:large","max-video-preview":"max-video-preview:-1"},"canonical":"https:\/\/chefduclerc.com\/pt\/politica-de-privacidade\/","og_locale":"pt_BR","og_type":"article","og_title":"Pol\u00edtica de Privacidade - DUCLERC Personal Chef e Mixologia","og_description":"Pol\u00edtica de Privacidade Somos a DUCLERC Personal Chef and Mixology. A privacidade de suas informa\u00e7\u00f5es \u00e9 de grande import\u00e2ncia para n\u00f3s e temos como pol\u00edtica respeitar a confidencialidade da informa\u00e7\u00e3o e a privacidade das pessoas. Esta Pol\u00edtica estipula como ocorrem as opera\u00e7\u00f5es de tratamento de dados pessoais atrav\u00e9s do site https:\/\/chefduclerc.com em conformidade com as &hellip; Continue reading Pol\u00edtica de Privacidade &rarr;","og_url":"https:\/\/chefduclerc.com\/pt\/politica-de-privacidade\/","og_site_name":"DUCLERC Personal Chef e Mixologia","article_publisher":"https:\/\/www.facebook.com\/chefduclerc","article_modified_time":"2021-11-23T19:26:46+00:00","og_image":[{"width":1200,"height":630,"url":"https:\/\/chefduclerc.com\/pt\/wp-content\/uploads\/2021\/04\/duclerc_personal-chef_share.jpg","type":"image\/jpeg"}],"twitter_card":"summary_large_image","twitter_misc":{"Est. tempo de leitura":"8 minutos"},"schema":{"@context":"https:\/\/schema.org","@graph":[{"@type":"WebPage","@id":"https:\/\/chefduclerc.com\/pt\/politica-de-privacidade\/","url":"https:\/\/chefduclerc.com\/pt\/politica-de-privacidade\/","name":"Pol\u00edtica de Privacidade - DUCLERC Personal Chef e Mixologia","isPartOf":{"@id":"https:\/\/chefduclerc.com\/pt\/#website"},"datePublished":"2021-11-23T18:51:35+00:00","dateModified":"2021-11-23T19:26:46+00:00","breadcrumb":{"@id":"https:\/\/chefduclerc.com\/pt\/politica-de-privacidade\/#breadcrumb"},"inLanguage":"pt-BR","potentialAction":[{"@type":"ReadAction","target":["https:\/\/chefduclerc.com\/pt\/politica-de-privacidade\/"]}]},{"@type":"BreadcrumbList","@id":"https:\/\/chefduclerc.com\/pt\/politica-de-privacidade\/#breadcrumb","itemListElement":[{"@type":"ListItem","position":1,"name":"In\u00edcio","item":"https:\/\/chefduclerc.com\/pt\/"},{"@type":"ListItem","position":2,"name":"Pol\u00edtica de Privacidade"}]},{"@type":"WebSite","@id":"https:\/\/chefduclerc.com\/pt\/#website","url":"https:\/\/chefduclerc.com\/pt\/","name":"DUCLERC Personal Chef e Mixologia","description":"","publisher":{"@id":"https:\/\/chefduclerc.com\/pt\/#organization"},"potentialAction":[{"@type":"SearchAction","target":{"@type":"EntryPoint","urlTemplate":"https:\/\/chefduclerc.com\/pt\/?s={search_term_string}"},"query-input":{"@type":"PropertyValueSpecification","valueRequired":true,"valueName":"search_term_string"}}],"inLanguage":"pt-BR"},{"@type":"Organization","@id":"https:\/\/chefduclerc.com\/pt\/#organization","name":"DUCLERC Personal Chef e Mixologia","url":"https:\/\/chefduclerc.com\/pt\/","logo":{"@type":"ImageObject","inLanguage":"pt-BR","@id":"https:\/\/chefduclerc.com\/pt\/#\/schema\/logo\/image\/","url":"https:\/\/chefduclerc.com\/pt\/wp-content\/uploads\/2021\/04\/duclerc_personal-chef_share.jpg","contentUrl":"https:\/\/chefduclerc.com\/pt\/wp-content\/uploads\/2021\/04\/duclerc_personal-chef_share.jpg","width":1200,"height":630,"caption":"DUCLERC Personal Chef e Mixologia"},"image":{"@id":"https:\/\/chefduclerc.com\/pt\/#\/schema\/logo\/image\/"},"sameAs":["https:\/\/www.facebook.com\/chefduclerc","https:\/\/www.instagram.com\/chefduclerc\/"]}]}},"_links":{"self":[{"href":"https:\/\/chefduclerc.com\/pt\/wp-json\/wp\/v2\/pages\/184","targetHints":{"allow":["GET"]}}],"collection":[{"href":"https:\/\/chefduclerc.com\/pt\/wp-json\/wp\/v2\/pages"}],"about":[{"href":"https:\/\/chefduclerc.com\/pt\/wp-json\/wp\/v2\/types\/page"}],"author":[{"embeddable":true,"href":"https:\/\/chefduclerc.com\/pt\/wp-json\/wp\/v2\/users\/2"}],"replies":[{"embeddable":true,"href":"https:\/\/chefduclerc.com\/pt\/wp-json\/wp\/v2\/comments?post=184"}],"version-history":[{"count":2,"href":"https:\/\/chefduclerc.com\/pt\/wp-json\/wp\/v2\/pages\/184\/revisions"}],"predecessor-version":[{"id":186,"href":"https:\/\/chefduclerc.com\/pt\/wp-json\/wp\/v2\/pages\/184\/revisions\/186"}],"wp:attachment":[{"href":"https:\/\/chefduclerc.com\/pt\/wp-json\/wp\/v2\/media?parent=184"}],"curies":[{"name":"wp","href":"https:\/\/api.w.org\/{rel}","templated":true}]}}